{"id":20,"date":"2015-06-21T00:44:51","date_gmt":"2015-06-20T22:44:51","guid":{"rendered":"http:\/\/www.area-press.eu\/comunicatistampa\/?page_id=20"},"modified":"2019-07-21T22:52:14","modified_gmt":"2019-07-21T20:52:14","slug":"chi-siamo","status":"publish","type":"page","link":"https:\/\/www.area-press.eu\/comunicatistampa\/chi-siamo\/","title":{"rendered":"Chi siamo"},"content":{"rendered":"<p style=\"text-align: left;\">link UP Europe! \u00e8 una associazione culturale che si occupa di comunicazione etica su \u00a0web e propone vari progetti di informazione e promozione su benessere, medicina alternativa e volontariato.<br \/>\n<strong><span style=\"color: #ff0000;\">area-press.eu<\/span><\/strong> \u00e8 una piattaforma web per la pubblicazione di comunicati stampa e press release.<br \/>\nLa registrazione al sito, cos\u00ec come la successiva pubblicazione dei comunicati, \u00e8 <u><b>gratuita<\/b><\/u>.<br \/>\n<a href=\"https:\/\/www.area-press.eu\/comunicatistampa\/wp-login.php?action=register\" target=\"_blank\" rel=\"noopener noreferrer\">REGISTRATI SUBITO<\/a>\u00a0 oppure se sei gi\u00e0 registrato \u00a0<a href=\"https:\/\/www.area-press.eu\/comunicatistampa\/wp-login.php\" target=\"_blank\" rel=\"noopener noreferrer\">LOGGATI QUI<\/a><br \/>\nSe invece vuoi contattarci puoi scriverci a <em><strong>comunicatistampa[at]linkupeurope.eu<\/strong><\/em> <span style=\"color: #ff0000;\">***<\/span><strong><em>\u00a0<\/em><\/strong>\u00a0oppure puoi utilizzare il modulo seguente. Ti risponderemo il pi\u00f9 rapidamente possibile.<br \/>\n<span style=\"color: #ff0000;\">***<\/span> NB. link UP Europe! \u00e8 il nome dell&#8217;associazione senza scopo di lucro che gestisce www.area-press.eu<br \/>\nPer maggiori informazioni<br \/>\n<a href=\"http:\/\/www.linkupeurope.eu\" target=\"_blank\" rel=\"nofollow noopener noreferrer\">http:\/\/www.linkupeurope.eu<\/a><\/p>\n<p>Grazie<\/p>\n<p>[contact-form-7 id=&#8221;15&#8243; title=&#8221;Contattaci2&#8243;]<\/p>\n","protected":false},"excerpt":{"rendered":"<p>link UP Europe! \u00e8 una associazione culturale che si occupa di comunicazione etica su \u00a0web e propone vari progetti di informazione e promozione su benessere, medicina alternativa e volontariato. area-press.eu \u00e8 una piattaforma web per la pubblicazione di comunicati stampa e press release. La registrazione al sito, cos\u00ec come la successiva pubblicazione dei comunicati, \u00e8 [&hellip;]<\/p>\n","protected":false},"author":1,"featured_media":0,"parent":0,"menu_order":0,"comment_status":"open","ping_status":"open","template":"","meta":{"footnotes":""},"class_list":["post-20","page","type-page","status-publish","hentry"],"_links":{"self":[{"href":"https:\/\/www.area-press.eu\/comunicatistampa\/wp-json\/wp\/v2\/pages\/20","targetHints":{"allow":["GET"]}}],"collection":[{"href":"https:\/\/www.area-press.eu\/comunicatistampa\/wp-json\/wp\/v2\/pages"}],"about":[{"href":"https:\/\/www.area-press.eu\/comunicatistampa\/wp-json\/wp\/v2\/types\/page"}],"author":[{"embeddable":true,"href":"https:\/\/www.area-press.eu\/comunicatistampa\/wp-json\/wp\/v2\/users\/1"}],"replies":[{"embeddable":true,"href":"https:\/\/www.area-press.eu\/comunicatistampa\/wp-json\/wp\/v2\/comments?post=20"}],"version-history":[{"count":7,"href":"https:\/\/www.area-press.eu\/comunicatistampa\/wp-json\/wp\/v2\/pages\/20\/revisions"}],"predecessor-version":[{"id":42675,"href":"https:\/\/www.area-press.eu\/comunicatistampa\/wp-json\/wp\/v2\/pages\/20\/revisions\/42675"}],"wp:attachment":[{"href":"https:\/\/www.area-press.eu\/comunicatistampa\/wp-json\/wp\/v2\/media?parent=20"}],"curies":[{"name":"wp","href":"https:\/\/api.w.org\/{rel}","templated":true}]}}