{"id":10123,"date":"2016-05-21T16:15:23","date_gmt":"2016-05-21T14:15:23","guid":{"rendered":"http:\/\/www.area-press.eu\/comunicatistampa\/?page_id=10123"},"modified":"2016-05-21T16:16:14","modified_gmt":"2016-05-21T14:16:14","slug":"la-grande-efficacia-dellarticle-marketing","status":"publish","type":"page","link":"https:\/\/www.area-press.eu\/comunicatistampa\/la-grande-efficacia-dellarticle-marketing\/","title":{"rendered":"La grande efficacia dell&#8217;article marketing"},"content":{"rendered":"<p>Oggi internet ha fame di contenuti originali e qualunque cosa tu scriva di tuo pugno, mediante il nostro servizio verr\u00e0 amplificato e riprodotto, rendendolo disponibile a tutti i motori di ricerca e a chiunque voglia ridistribuirlo sul proprio sito internet, newsletter o blog, a titolo assolutamente gratuito.<br \/>\nCosa significa questo? Semplicemente pubblicit\u00e0 a costo zero!<\/p>\n<p>Vuoi pubblicare un articolo, una recensione o un comunicato stampa? <a href=\"https:\/\/www.area-press.eu\/comunicatistampa\/come-pubblicare\/\">Questo \u00e8 il posto giusto<\/a>!<br \/>\nScrivi un contenuto ben fatto, se vuoi inserisci un link al tuo sito ed in pochi secondi il gioco \u00e8 fatto! Successivamente non ti resta che incrociare le braccia ed attendere il frutto del tuo lavoro che noi sapremo amplificare vertiginosamente e rendere pi\u00f9 produttivo che mai!<br \/>\nCome devo fare? Semplicissimo: registrati a questa url<br \/>\n<a href=\"https:\/\/www.area-press.eu\/comunicatistampa\/come-pubblicare\/\">https:\/\/www.area-press.eu\/comunicatistampa\/come-pubblicare\/<\/a><br \/>\nclicca poi sul link &#8220;Scrivi un nuovo contenuto&#8221; riempi i campi e il gioco \u00e8 fatto! Semplice no?<br \/>\nCome posso avere il massimo da questo servizio? \u00c8 molto semplice: pi\u00f9 l&#8217;articolo \u00e8 originale, scritto correttamente, ricco di informazioni e ben sviluppato e maggiore sar\u00e0 la richiesta da parte di altri siti di ripubblicarlo e ridistribuirlo. Per avere maggiori indicazioni su cosa conviene fare e cosa \u00e8 invece opportuno evitare nella scrittura di una articolo, recensione o comunicato stampa, leggi le linee guida specifiche per gli autori.<\/p>\n<p>Mi piacciono i vostri articoli! Come devo fare per ripubblicarli sul mio blog e sulla mia newsletter? \u00c8 molto semplice: copia ed incolla l&#8217;articolo dove vuoi, senza chiederci alcun permesso! Hai un solo vincolo: devi mantenere inalterato ed integro il documento, senza modificarlo in alcun modo, conservandone anche i link e le note relative all&#8217;autore. Per maggiori informazioni, leggi le linee guida specifiche per publishers.<\/p>\n","protected":false},"excerpt":{"rendered":"<p>Oggi internet ha fame di contenuti originali e qualunque cosa tu scriva di tuo pugno, mediante il nostro servizio verr\u00e0 amplificato e riprodotto, rendendolo disponibile a tutti i motori di ricerca e a chiunque voglia ridistribuirlo sul proprio sito internet, newsletter o blog, a titolo assolutamente gratuito. Cosa significa questo? Semplicemente pubblicit\u00e0 a costo zero! [&hellip;]<\/p>\n","protected":false},"author":1,"featured_media":0,"parent":0,"menu_order":0,"comment_status":"closed","ping_status":"closed","template":"","meta":{"_acf_changed":false,"_monsterinsights_skip_tracking":false,"_monsterinsights_sitenote_active":false,"_monsterinsights_sitenote_note":"","_monsterinsights_sitenote_category":0,"footnotes":""},"class_list":["post-10123","page","type-page","status-publish","hentry"],"acf":[],"yoast_head":"<!-- This site is optimized with the Yoast SEO plugin v27.5 - https:\/\/yoast.com\/product\/yoast-seo-wordpress\/ -->\n<title>La grande efficacia dell&#039;article marketing - area-press.eu<\/title>\n<meta name=\"robots\" content=\"noindex, follow\" \/>\n<meta property=\"og:locale\" content=\"it_IT\" \/>\n<meta property=\"og:type\" content=\"article\" \/>\n<meta property=\"og:title\" content=\"La grande efficacia dell&#039;article marketing - area-press.eu\" \/>\n<meta property=\"og:description\" content=\"Oggi internet ha fame di contenuti originali e qualunque cosa tu scriva di tuo pugno, mediante il nostro servizio verr\u00e0 amplificato e riprodotto, rendendolo disponibile a tutti i motori di ricerca e a chiunque voglia ridistribuirlo sul proprio sito internet, newsletter o blog, a titolo assolutamente gratuito. Cosa significa questo? Semplicemente pubblicit\u00e0 a costo zero! [&hellip;]\" \/>\n<meta property=\"og:url\" content=\"https:\/\/www.area-press.eu\/comunicatistampa\/la-grande-efficacia-dellarticle-marketing\/\" \/>\n<meta property=\"og:site_name\" content=\"area-press.eu\" \/>\n<meta property=\"article:modified_time\" content=\"2016-05-21T14:16:14+00:00\" \/>\n<meta name=\"twitter:card\" content=\"summary_large_image\" \/>\n<meta name=\"twitter:label1\" content=\"Tempo di lettura stimato\" \/>\n\t<meta name=\"twitter:data1\" content=\"1 minuto\" \/>\n<script type=\"application\/ld+json\" class=\"yoast-schema-graph\">{\"@context\":\"https:\\\/\\\/schema.org\",\"@graph\":[{\"@type\":\"WebPage\",\"@id\":\"https:\\\/\\\/www.area-press.eu\\\/comunicatistampa\\\/la-grande-efficacia-dellarticle-marketing\\\/\",\"url\":\"https:\\\/\\\/www.area-press.eu\\\/comunicatistampa\\\/la-grande-efficacia-dellarticle-marketing\\\/\",\"name\":\"La grande efficacia dell'article marketing - area-press.eu\",\"isPartOf\":{\"@id\":\"https:\\\/\\\/www.area-press.eu\\\/comunicatistampa\\\/#website\"},\"datePublished\":\"2016-05-21T14:15:23+00:00\",\"dateModified\":\"2016-05-21T14:16:14+00:00\",\"breadcrumb\":{\"@id\":\"https:\\\/\\\/www.area-press.eu\\\/comunicatistampa\\\/la-grande-efficacia-dellarticle-marketing\\\/#breadcrumb\"},\"inLanguage\":\"it-IT\",\"potentialAction\":[{\"@type\":\"ReadAction\",\"target\":[\"https:\\\/\\\/www.area-press.eu\\\/comunicatistampa\\\/la-grande-efficacia-dellarticle-marketing\\\/\"]}]},{\"@type\":\"BreadcrumbList\",\"@id\":\"https:\\\/\\\/www.area-press.eu\\\/comunicatistampa\\\/la-grande-efficacia-dellarticle-marketing\\\/#breadcrumb\",\"itemListElement\":[{\"@type\":\"ListItem\",\"position\":1,\"name\":\"Home\",\"item\":\"https:\\\/\\\/www.area-press.eu\\\/comunicatistampa\\\/\"},{\"@type\":\"ListItem\",\"position\":2,\"name\":\"La grande efficacia dell&#8217;article marketing\"}]},{\"@type\":\"WebSite\",\"@id\":\"https:\\\/\\\/www.area-press.eu\\\/comunicatistampa\\\/#website\",\"url\":\"https:\\\/\\\/www.area-press.eu\\\/comunicatistampa\\\/\",\"name\":\"area-press.eu\",\"description\":\"comunicati stampa &amp; press release\",\"potentialAction\":[{\"@type\":\"SearchAction\",\"target\":{\"@type\":\"EntryPoint\",\"urlTemplate\":\"https:\\\/\\\/www.area-press.eu\\\/comunicatistampa\\\/?s={search_term_string}\"},\"query-input\":{\"@type\":\"PropertyValueSpecification\",\"valueRequired\":true,\"valueName\":\"search_term_string\"}}],\"inLanguage\":\"it-IT\"}]}<\/script>\n<!-- \/ Yoast SEO plugin. -->","yoast_head_json":{"title":"La grande efficacia dell'article marketing - area-press.eu","robots":{"index":"noindex","follow":"follow"},"og_locale":"it_IT","og_type":"article","og_title":"La grande efficacia dell'article marketing - area-press.eu","og_description":"Oggi internet ha fame di contenuti originali e qualunque cosa tu scriva di tuo pugno, mediante il nostro servizio verr\u00e0 amplificato e riprodotto, rendendolo disponibile a tutti i motori di ricerca e a chiunque voglia ridistribuirlo sul proprio sito internet, newsletter o blog, a titolo assolutamente gratuito. Cosa significa questo? Semplicemente pubblicit\u00e0 a costo zero! [&hellip;]","og_url":"https:\/\/www.area-press.eu\/comunicatistampa\/la-grande-efficacia-dellarticle-marketing\/","og_site_name":"area-press.eu","article_modified_time":"2016-05-21T14:16:14+00:00","twitter_card":"summary_large_image","twitter_misc":{"Tempo di lettura stimato":"1 minuto"},"schema":{"@context":"https:\/\/schema.org","@graph":[{"@type":"WebPage","@id":"https:\/\/www.area-press.eu\/comunicatistampa\/la-grande-efficacia-dellarticle-marketing\/","url":"https:\/\/www.area-press.eu\/comunicatistampa\/la-grande-efficacia-dellarticle-marketing\/","name":"La grande efficacia dell'article marketing - area-press.eu","isPartOf":{"@id":"https:\/\/www.area-press.eu\/comunicatistampa\/#website"},"datePublished":"2016-05-21T14:15:23+00:00","dateModified":"2016-05-21T14:16:14+00:00","breadcrumb":{"@id":"https:\/\/www.area-press.eu\/comunicatistampa\/la-grande-efficacia-dellarticle-marketing\/#breadcrumb"},"inLanguage":"it-IT","potentialAction":[{"@type":"ReadAction","target":["https:\/\/www.area-press.eu\/comunicatistampa\/la-grande-efficacia-dellarticle-marketing\/"]}]},{"@type":"BreadcrumbList","@id":"https:\/\/www.area-press.eu\/comunicatistampa\/la-grande-efficacia-dellarticle-marketing\/#breadcrumb","itemListElement":[{"@type":"ListItem","position":1,"name":"Home","item":"https:\/\/www.area-press.eu\/comunicatistampa\/"},{"@type":"ListItem","position":2,"name":"La grande efficacia dell&#8217;article marketing"}]},{"@type":"WebSite","@id":"https:\/\/www.area-press.eu\/comunicatistampa\/#website","url":"https:\/\/www.area-press.eu\/comunicatistampa\/","name":"area-press.eu","description":"comunicati stampa &amp; press release","potentialAction":[{"@type":"SearchAction","target":{"@type":"EntryPoint","urlTemplate":"https:\/\/www.area-press.eu\/comunicatistampa\/?s={search_term_string}"},"query-input":{"@type":"PropertyValueSpecification","valueRequired":true,"valueName":"search_term_string"}}],"inLanguage":"it-IT"}]}},"_links":{"self":[{"href":"https:\/\/www.area-press.eu\/comunicatistampa\/wp-json\/wp\/v2\/pages\/10123","targetHints":{"allow":["GET"]}}],"collection":[{"href":"https:\/\/www.area-press.eu\/comunicatistampa\/wp-json\/wp\/v2\/pages"}],"about":[{"href":"https:\/\/www.area-press.eu\/comunicatistampa\/wp-json\/wp\/v2\/types\/page"}],"author":[{"embeddable":true,"href":"https:\/\/www.area-press.eu\/comunicatistampa\/wp-json\/wp\/v2\/users\/1"}],"replies":[{"embeddable":true,"href":"https:\/\/www.area-press.eu\/comunicatistampa\/wp-json\/wp\/v2\/comments?post=10123"}],"version-history":[{"count":2,"href":"https:\/\/www.area-press.eu\/comunicatistampa\/wp-json\/wp\/v2\/pages\/10123\/revisions"}],"predecessor-version":[{"id":10125,"href":"https:\/\/www.area-press.eu\/comunicatistampa\/wp-json\/wp\/v2\/pages\/10123\/revisions\/10125"}],"wp:attachment":[{"href":"https:\/\/www.area-press.eu\/comunicatistampa\/wp-json\/wp\/v2\/media?parent=10123"}],"curies":[{"name":"wp","href":"https:\/\/api.w.org\/{rel}","templated":true}]}}